{"id":1186,"date":"2021-07-01T16:24:09","date_gmt":"2021-07-01T14:24:09","guid":{"rendered":"https:\/\/christianeameya.com\/?page_id=1186"},"modified":"2021-07-10T18:01:58","modified_gmt":"2021-07-10T16:01:58","slug":"kontakt","status":"publish","type":"page","link":"https:\/\/christianeameya.com\/de\/kontakt\/","title":{"rendered":"Kontakt"},"content":{"rendered":"<p><div class=\"fusion-fullwidth fullwidth-box fusion-builder-row-1 fusion-flex-container fusion-parallax-none hero_img hundred-percent-fullwidth non-hundred-percent-height-scrolling lazyload\" style=\"--awb-background-position:center top;--awb-border-radius-top-left:0px;--awb-border-radius-top-right:0px;--awb-border-radius-bottom-right:0px;--awb-border-radius-bottom-left:0px;--awb-min-height:825px;--awb-background-image:linear-gradient(90deg, #ffffff 16%,rgba(255,255,255,0) 44%);;--awb-background-size:cover;--awb-flex-wrap:wrap;\" data-bg=\"https:\/\/christianeameya.com\/wp-content\/uploads\/2021\/07\/Christiane-Ameya-kontakt.jpg\" data-bg-gradient=\"linear-gradient(90deg, #ffffff 16%,rgba(255,255,255,0) 44%)\" id=\"hero_img\" ><div class=\"fusion-builder-row fusion-row fusion-flex-align-items-flex-start fusion-flex-content-wrap\" style=\"width:104% !important;max-width:104% !important;margin-left: calc(-4% \/ 2 );margin-right: calc(-4% \/ 2 );\"><div class=\"fusion-layout-column fusion_builder_column fusion-builder-column-0 fusion_builder_column_2_5 2_5 fusion-flex-column fusion-no-small-visibility fusion-animated\" style=\"--awb-bg-size:cover;--awb-width-large:40%;--awb-margin-top-large:12%;--awb-spacing-right-large:0px;--awb-margin-bottom-large:0px;--awb-spacing-left-large:16.8%;--awb-width-medium:66.666666666667%;--awb-order-medium:0;--awb-spacing-right-medium:0px;--awb-spacing-left-medium:10.08%;--awb-width-small:66.666666666667%;--awb-order-small:0;--awb-spacing-right-small:0px;--awb-spacing-left-small:10.08%;\" data-animationType=\"fadeInUp\" data-animationDuration=\"0.8\" data-animationOffset=\"top-into-view\"><div class=\"fusion-column-wrapper fusion-column-has-shadow fusion-flex-justify-content-flex-start fusion-content-layout-column\"><div class=\"fusion-text fusion-text-1\" style=\"--awb-font-size:60px;--awb-line-height:1em;--awb-letter-spacing:-2px;--awb-text-font-family:&quot;Cormorant Garamond&quot;;--awb-text-font-style:normal;--awb-text-font-weight:400;\"><p><span style=\"font-family: Juliette; color: #907e58; font-size: 90px;\">Kontakt<\/span><\/p>\n<\/div><div class=\"fusion-text fusion-text-2\" style=\"--awb-font-size:60px;--awb-line-height:1em;--awb-letter-spacing:-2px;--awb-text-color:#4a4a4a;--awb-text-font-family:&quot;Cormorant Garamond&quot;;--awb-text-font-style:normal;--awb-text-font-weight:400;\"><p>Schreib mir eine Nachricht&#8230;<\/p>\n<\/div><\/div><\/div><div class=\"fusion-layout-column fusion_builder_column fusion-builder-column-1 fusion_builder_column_3_4 3_4 fusion-flex-column fusion-no-medium-visibility fusion-no-large-visibility fusion-animated\" style=\"--awb-bg-size:cover;--awb-width-large:75%;--awb-margin-top-large:12%;--awb-spacing-right-large:0px;--awb-margin-bottom-large:0px;--awb-spacing-left-large:8.96%;--awb-width-medium:66.666666666667%;--awb-order-medium:0;--awb-spacing-right-medium:0px;--awb-spacing-left-medium:10.08%;--awb-width-small:75%;--awb-order-small:0;--awb-spacing-right-small:0px;--awb-spacing-left-small:3.84%;\" data-animationType=\"fadeInUp\" data-animationDuration=\"0.8\" data-animationOffset=\"top-into-view\"><div class=\"fusion-column-wrapper fusion-column-has-shadow fusion-flex-justify-content-flex-start fusion-content-layout-column\"><div class=\"fusion-text fusion-text-3\" style=\"--awb-font-size:50px;--awb-line-height:1.1em;--awb-letter-spacing:-2px;--awb-text-font-family:&quot;Cormorant Garamond&quot;;--awb-text-font-style:normal;--awb-text-font-weight:400;\"><p>Hallo, ich bin <span style=\"font-family: Juliette; color: #907e58; font-size: 70px;\">Christiane!<\/span><\/p>\n<\/div><div class=\"fusion-text fusion-text-4\"><p><span style=\"font-weight: 400;\">Ich bin Liebes, Sex und Beziehungs Coach und b<\/span><span style=\"font-weight: 400;\">egleite selbstst\u00e4ndige Frauen dabei<\/span><span style=\"font-weight: 400;\">, <\/span><span style=\"font-weight: 400;\">ihr volles weibliches Potenzial zu entfalten und so eine tiefe Liebe zu sich selbst, mehr Intimit\u00e4t und erf\u00fcllte Partnerschaften zu leben. <\/span><\/p>\n<p><span style=\"font-weight: 400;\">Ich bin auch <\/span><span style=\"font-weight: 400;\">Expertin f\u00fcr weibliche Sexualit\u00e4t, moderne Mystikerin und liebe Rituale.<\/span><\/p>\n<\/div><\/div><\/div><\/div><\/div><div class=\"fusion-fullwidth fullwidth-box fusion-builder-row-2 fusion-flex-container nonhundred-percent-fullwidth non-hundred-percent-height-scrolling\" style=\"--awb-background-position:center bottom;--awb-background-repeat:repeat-x;--awb-border-radius-top-left:0px;--awb-border-radius-top-right:0px;--awb-border-radius-bottom-right:0px;--awb-border-radius-bottom-left:0px;--awb-padding-left:0px;--awb-margin-top:50px;--awb-background-color:#ffffff;--awb-flex-wrap:wrap;\" ><div class=\"fusion-builder-row fusion-row fusion-flex-align-items-stretch fusion-flex-justify-content-center fusion-flex-content-wrap\" style=\"max-width:calc( 1100px + 0px );margin-left: calc(-0px \/ 2 );margin-right: calc(-0px \/ 2 );\"><div class=\"fusion-layout-column fusion_builder_column fusion-builder-column-2 fusion_builder_column_1_2 1_2 fusion-flex-column fusion-flex-align-self-flex-start fusion-animated\" style=\"--awb-padding-right:30px;--awb-padding-left:30px;--awb-bg-size:cover;--awb-width-large:50%;--awb-margin-top-large:25px;--awb-spacing-right-large:0px;--awb-margin-bottom-large:30px;--awb-spacing-left-large:0px;--awb-width-medium:100%;--awb-spacing-right-medium:0px;--awb-spacing-left-medium:0px;--awb-width-small:100%;--awb-spacing-right-small:0px;--awb-spacing-left-small:0px;\" data-animationType=\"fadeInLeft\" data-animationDuration=\"1.0\" data-animationOffset=\"top-into-view\"><div class=\"fusion-column-wrapper fusion-flex-justify-content-flex-start fusion-content-layout-column\"><div class=\"fusion-title title fusion-title-1 fusion-sep-none fusion-title-text fusion-title-size-two\" style=\"--awb-text-color:#4a4a4a;--awb-font-size:45px;\"><h2 class=\"fusion-title-heading title-heading-left fusion-responsive-typography-calculated\" style=\"font-family:&quot;Cormorant Garamond&quot;;font-style:normal;font-weight:400;margin:0;font-size:1em;--fontSize:45;line-height:1.1;\">Wir freuen uns auf deine Nachricht!<\/h2><\/div><div class=\"fusion-text fusion-text-5\"><p>Hast du Fragen zu meinen Inhalten, Online-Programmen oder Retreats? M\u00f6chtest du mich in deine Community einladen, ein Feedback geben oder einfach nur Hallo sagen?<\/p>\n<p>Wir melden uns innerhalb von 48 Stunden zur\u00fcck.<\/p>\n<\/div><div class=\"fusion-social-links fusion-social-links-1\" style=\"--awb-margin-top:0px;--awb-margin-right:0px;--awb-margin-bottom:0px;--awb-margin-left:0px;--awb-alignment:center;--awb-box-border-top:0px;--awb-box-border-right:0px;--awb-box-border-bottom:0px;--awb-box-border-left:0px;--awb-icon-colors-hover:rgba(206,177,156,0.8);--awb-box-colors-hover:rgba(255,255,255,0.8);--awb-box-border-color:var(--awb-color3);--awb-box-border-color-hover:var(--awb-color4);\"><div class=\"fusion-social-networks boxed-icons color-type-custom\"><div class=\"fusion-social-networks-wrapper\"><a class=\"fusion-social-network-icon fusion-tooltip fusion-facebook awb-icon-facebook\" style=\"color:#ceb19c;font-size:30px;width:30px;background-color:#ffffff;border-color:#ffffff;border-radius:100px;\" data-placement=\"top\" data-title=\"Facebook\" data-toggle=\"tooltip\" title=\"Facebook\" aria-label=\"facebook\" target=\"_blank\" rel=\"noopener noreferrer\" href=\"https:\/\/www.facebook.com\/Ameya.Christiane\/\"><\/a><a class=\"fusion-social-network-icon fusion-tooltip fusion-instagram awb-icon-instagram\" style=\"color:#ceb19c;font-size:30px;width:30px;background-color:#ffffff;border-color:#ffffff;border-radius:100px;\" data-placement=\"top\" data-title=\"Instagram\" data-toggle=\"tooltip\" title=\"Instagram\" aria-label=\"instagram\" target=\"_blank\" rel=\"noopener noreferrer\" href=\"https:\/\/www.instagram.com\/christianeameya\/\"><\/a><a class=\"fusion-social-network-icon fusion-tooltip fusion-youtube awb-icon-youtube\" style=\"color:#ceb19c;font-size:30px;width:30px;background-color:#ffffff;border-color:#ffffff;border-radius:100px;\" data-placement=\"top\" data-title=\"YouTube\" data-toggle=\"tooltip\" title=\"YouTube\" aria-label=\"youtube\" target=\"_blank\" rel=\"noopener noreferrer\" href=\"https:\/\/www.youtube.com\/channel\/UCfJ72Q5BgMH5rMCN9ivLmww\"><\/a><\/div><\/div><\/div><\/div><\/div><div class=\"fusion-layout-column fusion_builder_column fusion-builder-column-3 fusion_builder_column_1_2 1_2 fusion-flex-column fusion-flex-align-self-stretch fusion-animated\" style=\"--awb-padding-top:20px;--awb-padding-right:20px;--awb-padding-bottom:20px;--awb-padding-left:20px;--awb-overflow:hidden;--awb-bg-color:rgba(209,180,160,0.16);--awb-bg-color-hover:rgba(209,180,160,0.16);--awb-bg-size:cover;--awb-box-shadow:5px 5px 19px 0px #cccccc;;--awb-border-radius:10px 10px 10px 10px;--awb-width-large:50%;--awb-margin-top-large:15px;--awb-spacing-right-large:0px;--awb-margin-bottom-large:15px;--awb-spacing-left-large:0px;--awb-width-medium:100%;--awb-order-medium:0;--awb-spacing-right-medium:0px;--awb-spacing-left-medium:30px;--awb-width-small:100%;--awb-order-small:0;--awb-spacing-right-small:0px;--awb-spacing-left-small:25px;\" data-animationType=\"fadeInRight\" data-animationDuration=\"0.3\" data-animationOffset=\"top-into-view\"><div class=\"fusion-column-wrapper fusion-column-has-shadow fusion-flex-justify-content-center fusion-content-layout-column\"><div class=\"wpforms-container wpforms-container-full\" id=\"wpforms-1185\"><form id=\"wpforms-form-1185\" class=\"wpforms-validate wpforms-form\" data-formid=\"1185\" method=\"post\" enctype=\"multipart\/form-data\" action=\"\/de\/wp-json\/wp\/v2\/pages\/1186\" data-token=\"5f204072cf94d0c9a196078fbfad2588\"><noscript class=\"wpforms-error-noscript\">Bitte aktiviere JavaScript in deinem Browser, um dieses Formular fertigzustellen.<\/noscript><div class=\"wpforms-field-container\"><div id=\"wpforms-1185-field_1-container\" class=\"wpforms-field wpforms-field-name\" data-field-id=\"1\"><label class=\"wpforms-field-label wpforms-label-hide\" for=\"wpforms-1185-field_1\">Name <span class=\"wpforms-required-label\">*<\/span><\/label><input type=\"text\" id=\"wpforms-1185-field_1\" class=\"wpforms-field-medium wpforms-field-required\" name=\"wpforms[fields][1]\" placeholder=\"Dein Name\" required><\/div><div id=\"wpforms-1185-field_2-container\" class=\"wpforms-field wpforms-field-email\" data-field-id=\"2\"><label class=\"wpforms-field-label wpforms-label-hide\" for=\"wpforms-1185-field_2\">Email <span class=\"wpforms-required-label\">*<\/span><\/label><input type=\"email\" id=\"wpforms-1185-field_2\" class=\"wpforms-field-medium wpforms-field-required\" name=\"wpforms[fields][2]\" placeholder=\"Deine Email Adresse\" required><\/div><div id=\"wpforms-1185-field_5-container\" class=\"wpforms-field wpforms-field-hidden\" data-field-id=\"5\"><input type=\"hidden\" id=\"wpforms-1185-field_5\" name=\"wpforms[fields][5]\" value=\"honey\"><\/div><div id=\"wpforms-1185-field_3-container\" class=\"wpforms-field wpforms-field-textarea\" data-field-id=\"3\"><label class=\"wpforms-field-label wpforms-label-hide\" for=\"wpforms-1185-field_3\">Message <span class=\"wpforms-required-label\">*<\/span><\/label><textarea id=\"wpforms-1185-field_3\" class=\"wpforms-field-medium wpforms-field-required\" name=\"wpforms[fields][3]\" placeholder=\"Deine Nachricht\" required><\/textarea><\/div><div id=\"wpforms-1185-field_4-container\" class=\"wpforms-field wpforms-field-checkbox\" data-field-id=\"4\"><label class=\"wpforms-field-label wpforms-label-hide\" for=\"wpforms-1185-field_4\">Love letter<\/label><ul id=\"wpforms-1185-field_4\"><li class=\"choice-1 depth-1\"><input type=\"checkbox\" id=\"wpforms-1185-field_4_1\" name=\"wpforms[fields][4][]\" value=\"Melde dich f\u00fcr meine Love Letters an. Du erh\u00e4ltst exklusive Inhalte, regelm\u00e4\u00dfige Neuigkeiten und spezielle Einladungen zu bevorstehenden Veranstaltungen. (Du kannst dich nat\u00fcrlich jederzeit wieder abmelden.)\"  ><label class=\"wpforms-field-label-inline\" for=\"wpforms-1185-field_4_1\">Melde dich f\u00fcr meine Love Letters an. Du erh\u00e4ltst exklusive Inhalte, regelm\u00e4\u00dfige Neuigkeiten und spezielle Einladungen zu bevorstehenden Veranstaltungen. (Du kannst dich nat\u00fcrlich jederzeit wieder abmelden.)<\/label><\/li><\/ul><\/div><\/div><div class=\"wpforms-recaptcha-container wpforms-is-recaptcha\"><div class=\"g-recaptcha\" data-sitekey=\"6Ldv11YbAAAAABv8QSFEU3uHTcHFRK5pMMYaCSf-\"><\/div><input type=\"text\" name=\"g-recaptcha-hidden\" class=\"wpforms-recaptcha-hidden\" style=\"position:absolute!important;clip:rect(0,0,0,0)!important;height:1px!important;width:1px!important;border:0!important;overflow:hidden!important;padding:0!important;margin:0!important;\" required><\/div><div class=\"wpforms-submit-container\"><input type=\"hidden\" name=\"wpforms[id]\" value=\"1185\"><input type=\"hidden\" name=\"wpforms[author]\" value=\"3\"><button type=\"submit\" name=\"wpforms[submit]\" id=\"wpforms-submit-1185\" class=\"wpforms-submit\" data-alt-text=\"Senden...\" data-submit-text=\"Senden\" aria-live=\"assertive\" value=\"wpforms-submit\">Senden<\/button><\/div><\/form><\/div>  <!-- .wpforms-container --><\/div><\/div><\/div><\/div><\/p>\n","protected":false},"excerpt":{"rendered":"","protected":false},"author":3,"featured_media":0,"parent":0,"menu_order":0,"comment_status":"closed","ping_status":"closed","template":"100-width.php","meta":{"footnotes":""},"class_list":["post-1186","page","type-page","status-publish","hentry"],"_links":{"self":[{"href":"https:\/\/christianeameya.com\/de\/wp-json\/wp\/v2\/pages\/1186","targetHints":{"allow":["GET"]}}],"collection":[{"href":"https:\/\/christianeameya.com\/de\/wp-json\/wp\/v2\/pages"}],"about":[{"href":"https:\/\/christianeameya.com\/de\/wp-json\/wp\/v2\/types\/page"}],"author":[{"embeddable":true,"href":"https:\/\/christianeameya.com\/de\/wp-json\/wp\/v2\/users\/3"}],"replies":[{"embeddable":true,"href":"https:\/\/christianeameya.com\/de\/wp-json\/wp\/v2\/comments?post=1186"}],"version-history":[{"count":0,"href":"https:\/\/christianeameya.com\/de\/wp-json\/wp\/v2\/pages\/1186\/revisions"}],"wp:attachment":[{"href":"https:\/\/christianeameya.com\/de\/wp-json\/wp\/v2\/media?parent=1186"}],"curies":[{"name":"wp","href":"https:\/\/api.w.org\/{rel}","templated":true}]}}